{"id":10,"date":"2016-09-13T12:23:51","date_gmt":"2016-09-13T12:23:51","guid":{"rendered":"http:\/\/fn.se\/goteborgs-och-bohus-fn-distrikt\/?page_id=10"},"modified":"2023-08-27T10:16:16","modified_gmt":"2023-08-27T10:16:16","slug":"nyatoto-projektet","status":"publish","type":"page","link":"https:\/\/fn.se\/goteborgs-och-bohus-fn-distrikt\/nyatoto-projektet\/","title":{"rendered":"Friends of Kenya"},"content":{"rendered":"<h1>Distriktets projekt i Kenya<\/h1>\n<p class=\"intro\">I byn Nyatoto (Kenya) bedriver G\u00f6teborg- och Bohus FN-distrikt ett jordbruksprojekt tillsammans med Livelihood foundation. Projektet startade i juni 2011 och kommer att fortskrida 2012 och f\u00f6rhoppningsvis fram\u00e5t.<\/p>\n<p class=\"intro\">Nyatoto ligger n\u00e4ra Victoriasj\u00f6n, och lokalbefolkningen \u00e4r bland de fattigaste i v\u00e4rlden. De k\u00e4mpar mot stora problem som malaria, HIV\/AIDS, arbetsl\u00f6shet, d\u00e5lig infrastruktur, korruption, vattenbris, milj\u00f6- och klimatproblem.<br \/>\nProjektets syfte \u00e4r att \u00f6ka kunskapen bland de mest utsatta och fattigaste i h\u00e5llbart-, ekologiskt-och effektvit jordbruk, vattenhantering, demokrati, m\u00e4nskliga r\u00e4ttigheter och HIV\/AIDS. Detta genom att lokalbefolkningen f\u00e5r g\u00e5 p\u00e5 kurser, kurserna h\u00e5lls av m\u00e4nniskor i omr\u00e5det med denna expertis.<br \/>\nProjektets m\u00e5l \u00e4r att \u00f6ka levnadsstandarden f\u00f6r de mest utsatta och fattiga. Detta genom den \u00f6kade kunskapen de f\u00e5r genom utbildningen.<\/p>\n<p>Bes\u00f6k g\u00e4rna och gilla \u201dFriends of Kenya\u201d facebook sida<\/p>\n<p><a title=\"Friends of Nyatoto\" href=\"https:\/\/www.facebook.com\/people\/Friends-of-Kenya\/100064652801471\/\">Friends of Kenya<\/a><\/p>\n<p><img loading=\"lazy\" decoding=\"async\" class=\"alignnone wp-image-161 size-full\" src=\"https:\/\/fn.se\/goteborgs-och-bohus-fn-distrikt\/wp-content\/uploads\/sites\/107\/2023\/08\/IMG_0020.jpeg\" alt=\"\" width=\"2048\" height=\"1150\" srcset=\"https:\/\/fn.se\/goteborgs-och-bohus-fn-distrikt\/wp-content\/uploads\/sites\/107\/2023\/08\/IMG_0020.jpeg 2048w, https:\/\/fn.se\/goteborgs-och-bohus-fn-distrikt\/wp-content\/uploads\/sites\/107\/2023\/08\/IMG_0020-300x168.jpeg 300w, https:\/\/fn.se\/goteborgs-och-bohus-fn-distrikt\/wp-content\/uploads\/sites\/107\/2023\/08\/IMG_0020-1024x575.jpeg 1024w, https:\/\/fn.se\/goteborgs-och-bohus-fn-distrikt\/wp-content\/uploads\/sites\/107\/2023\/08\/IMG_0020-768x431.jpeg 768w, https:\/\/fn.se\/goteborgs-och-bohus-fn-distrikt\/wp-content\/uploads\/sites\/107\/2023\/08\/IMG_0020-1536x863.jpeg 1536w, https:\/\/fn.se\/goteborgs-och-bohus-fn-distrikt\/wp-content\/uploads\/sites\/107\/2023\/08\/IMG_0020-650x365.jpeg 650w\" sizes=\"auto, (max-width: 2048px) 100vw, 2048px\" \/>S<\/p>\n","protected":false},"excerpt":{"rendered":"<p>Distriktets projekt i Kenya I byn Nyatoto (Kenya) bedriver G\u00f6teborg- och Bohus FN-distrikt ett jordbruksprojekt tillsammans med Livelihood foundation. Projektet&hellip;<\/p>\n","protected":false},"author":3,"featured_media":0,"parent":0,"menu_order":0,"comment_status":"closed","ping_status":"closed","template":"templates\/template-sub.php","meta":{"_acf_changed":false,"footnotes":"","_links_to":"","_links_to_target":""},"class_list":["post-10","page","type-page","status-publish","hentry"],"acf":[],"_links":{"self":[{"href":"https:\/\/fn.se\/goteborgs-och-bohus-fn-distrikt\/wp-json\/wp\/v2\/pages\/10","targetHints":{"allow":["GET"]}}],"collection":[{"href":"https:\/\/fn.se\/goteborgs-och-bohus-fn-distrikt\/wp-json\/wp\/v2\/pages"}],"about":[{"href":"https:\/\/fn.se\/goteborgs-och-bohus-fn-distrikt\/wp-json\/wp\/v2\/types\/page"}],"author":[{"embeddable":true,"href":"https:\/\/fn.se\/goteborgs-och-bohus-fn-distrikt\/wp-json\/wp\/v2\/users\/3"}],"replies":[{"embeddable":true,"href":"https:\/\/fn.se\/goteborgs-och-bohus-fn-distrikt\/wp-json\/wp\/v2\/comments?post=10"}],"version-history":[{"count":8,"href":"https:\/\/fn.se\/goteborgs-och-bohus-fn-distrikt\/wp-json\/wp\/v2\/pages\/10\/revisions"}],"predecessor-version":[{"id":169,"href":"https:\/\/fn.se\/goteborgs-och-bohus-fn-distrikt\/wp-json\/wp\/v2\/pages\/10\/revisions\/169"}],"wp:attachment":[{"href":"https:\/\/fn.se\/goteborgs-och-bohus-fn-distrikt\/wp-json\/wp\/v2\/media?parent=10"}],"curies":[{"name":"wp","href":"https:\/\/api.w.org\/{rel}","templated":true}]}}