{"id":47,"date":"2016-09-13T10:26:36","date_gmt":"2016-09-13T10:26:36","guid":{"rendered":"http:\/\/fn.se\/goteborg\/?page_id=47"},"modified":"2026-02-07T18:41:56","modified_gmt":"2026-02-07T18:41:56","slug":"fred-och-sakerhetsgruppen","status":"publish","type":"page","link":"https:\/\/fn.se\/goteborg\/fred-och-sakerhetsgruppen\/","title":{"rendered":"Fred och s\u00e4kerhetsgruppen"},"content":{"rendered":"<h1>Fred och S\u00e4kerhetsgruppen<\/h1>\n<p><b>V\u00e4lkommen till Fred och s\u00e4kerhetsgruppen inom G\u00f6teborgs FN-f\u00f6rening!<\/b><\/p>\n<p>Fred och s\u00e4kerhetsgruppen fokuserar p\u00e5 lokala och globala fr\u00e5gor samt str\u00e4var efter att vara en \u00f6ppen och inbjudande m\u00f6tesplats f\u00f6r diskussioner g\u00e4llande en h\u00e5llbar och fredlig v\u00e4rld enligt Agenda 2030. Som en del av v\u00e5rt engagemang bjuder gruppen in till medlemsm\u00f6ten, diskussioner, workshops och f\u00f6rel\u00e4sningar f\u00f6r att gemensamt utforska v\u00e4gen mot en v\u00e4rld d\u00e4r fred och r\u00e4ttvisa inte bara \u00e4r m\u00e5ls\u00e4ttningar, utan fundamentala f\u00f6ruts\u00e4ttningar f\u00f6r h\u00e5llbar utveckling.<\/p>\n<p>Fred och s\u00e4kerhetsgruppen v\u00e4rdes\u00e4tter dina intressen och passioner! Vidare anpassas diskussioner, workshops och f\u00f6rel\u00e4sningar efter medlemmarnas egna intresseomr\u00e5den f\u00f6r att skapa meningsfulla och engagerande aktiviteter. Ditt perspektiv \u00e4r viktigt f\u00f6r oss n\u00e4r vi formar framtida initiativ!<\/p>\n<p>Vi ser fram emot ett givande \u00e5r d\u00e4r vi tillsammans arbetar f\u00f6r fred och s\u00e4kerhet. \u00c4r du intresserad av v\u00e5r grupp?<br \/>Mejla g\u00e4rna oss s\u00e5 ber\u00e4ttar vi mer!<span class=\"Apple-converted-space\">\u00a0<\/span><\/p>\n<h4>Gruppledare<\/h4>\n<p>Anna Hansson<\/p>\n<p>Emelie Ohlson<\/p>\n<p>Fanny Robinsson<\/p>\n<p>Daniel Pichler<\/p>\n<p>Tilde Stejre<\/p>\n<h4>Kontakt<\/h4>\n<p>E-post: <a href=\"mailto:fredfngbg@gmail.com\" target=\"_blank\" rel=\"noopener noreferrer\">fredfngbg@gmail.com<\/a><\/p>\n<h4>F\u00f6lj oss och v\u00e5rt arbete<\/h4>\n\n\n<ul class=\"wp-block-list\">\n<li><a href=\"https:\/\/www.instagram.com\/fngbg_fred\/\" data-type=\"link\" data-id=\"https:\/\/www.instagram.com\/fredfngbg\/\">Instagram<\/a><\/li>\n\n\n\n<li><a href=\"https:\/\/www.facebook.com\/Gbgfredochsakerhet\" data-type=\"link\" data-id=\"https:\/\/www.facebook.com\/Gbgfredochsakerhet\">Facebook<\/a><\/li>\n<\/ul>\n","protected":false},"excerpt":{"rendered":"<p>Fred och S\u00e4kerhetsgruppen V\u00e4lkommen till Fred och s\u00e4kerhetsgruppen inom G\u00f6teborgs FN-f\u00f6rening! Fred och s\u00e4kerhetsgruppen fokuserar p\u00e5 lokala och globala fr\u00e5gor&hellip;<\/p>\n","protected":false},"author":3,"featured_media":0,"parent":0,"menu_order":0,"comment_status":"closed","ping_status":"closed","template":"templates\/template-sub.php","meta":{"_acf_changed":false,"footnotes":"","_links_to":"","_links_to_target":""},"class_list":["post-47","page","type-page","status-publish","hentry"],"acf":[],"_links":{"self":[{"href":"https:\/\/fn.se\/goteborg\/wp-json\/wp\/v2\/pages\/47","targetHints":{"allow":["GET"]}}],"collection":[{"href":"https:\/\/fn.se\/goteborg\/wp-json\/wp\/v2\/pages"}],"about":[{"href":"https:\/\/fn.se\/goteborg\/wp-json\/wp\/v2\/types\/page"}],"author":[{"embeddable":true,"href":"https:\/\/fn.se\/goteborg\/wp-json\/wp\/v2\/users\/3"}],"replies":[{"embeddable":true,"href":"https:\/\/fn.se\/goteborg\/wp-json\/wp\/v2\/comments?post=47"}],"version-history":[{"count":10,"href":"https:\/\/fn.se\/goteborg\/wp-json\/wp\/v2\/pages\/47\/revisions"}],"predecessor-version":[{"id":1184,"href":"https:\/\/fn.se\/goteborg\/wp-json\/wp\/v2\/pages\/47\/revisions\/1184"}],"wp:attachment":[{"href":"https:\/\/fn.se\/goteborg\/wp-json\/wp\/v2\/media?parent=47"}],"curies":[{"name":"wp","href":"https:\/\/api.w.org\/{rel}","templated":true}]}}