{"id":33,"date":"2016-09-13T10:18:34","date_gmt":"2016-09-13T10:18:34","guid":{"rendered":"http:\/\/fn.se\/goteborg\/?page_id=33"},"modified":"2026-02-07T18:46:23","modified_gmt":"2026-02-07T18:46:23","slug":"mr-gruppen","status":"publish","type":"page","link":"https:\/\/fn.se\/goteborg\/mr-gruppen\/","title":{"rendered":"M\u00e4nskliga r\u00e4ttighetsgruppen"},"content":{"rendered":"<h1><b>M\u00e4nskliga r\u00e4ttighetsgruppen<\/b><\/h1>\n<p><b>V\u00e4lkommen till M\u00e4nskliga r\u00e4ttighetsgruppen inom G\u00f6teborgs FN-f\u00f6rening!<\/b><\/p>\n<p>M\u00e4nskliga r\u00e4ttighetsgruppen fokuserar p\u00e5 att diskutera fr\u00e5gor och sprida kunskap som ber\u00f6r m\u00e4nskliga r\u00e4ttigheter. V\u00e5rt fokus \u00e4r att gruppen behandlar m\u00e4nskliga r\u00e4ttighetsfr\u00e5gor oavsett om det \u00e4r kopplat till j\u00e4mst\u00e4lldhet, krig och konflikt eller klimatfr\u00e5gan. Som en del av v\u00e5rt engagemang bjuder gruppen in till medlemsm\u00f6ten, workshops och f\u00f6rel\u00e4sningar. F\u00f6r att ytterligare f\u00f6rst\u00e4rka v\u00e5rt engagemang har vi stark koppling till Agenda 2030, vilket inneb\u00e4r att vi str\u00e4var efter att fr\u00e4mja m\u00e4nskliga r\u00e4ttigheter och grundl\u00e4ggande friheter f\u00f6r alla utom \u00e5tskillnad med avseende etnicitet, k\u00f6n, spr\u00e5k eller region.<span class=\"Apple-converted-space\">\u00a0<\/span><\/p>\n<p>FN:s allm\u00e4nna f\u00f6rklaring om m\u00e4nskliga r\u00e4ttigheter \u00e4r en milstolpe i m\u00e4nsklighetens historia och de globala m\u00e5len grundar sig i de m\u00e4nskliga r\u00e4ttigheterna, vilket g\u00f6r att gruppens fokus \u00e4r v\u00e4ldigt brett. F\u00f6r att m\u00e5len ska uppn\u00e5s str\u00e4var gruppen efter att principerna om deltagande, ansvarsskyldighet och icke-diskriminering ska respekteras.<span class=\"Apple-converted-space\">\u00a0<\/span><\/p>\n<p>Vi ser fram emot ett givande \u00e5r d\u00e4r vi tillsammans l\u00e4r oss om m\u00e4nskliga r\u00e4ttigheter utifr\u00e5n lokala och globala perspektiv?<span class=\"Apple-converted-space\"><br \/>\n<\/span>Mejla g\u00e4rna oss s\u00e5 ber\u00e4ttar vi mer!<span class=\"Apple-converted-space\">\u00a0<\/span><\/p>\n<h4>Gruppledare<\/h4>\n<p>Julia Lehes L\u00f6wenberg<\/p>\n<p>Tora H\u00f6glund Kallerhult<\/p>\n<h4>Kontakt<\/h4>\n<p>E-post: fngbgmr@gmail.com<\/p>\n<h4>F\u00f6lj oss och v\u00e5rt fortsatta arbete:<\/h4>\n<ul>\n<li><a href=\"https:\/\/www.facebook.com\/Gbgfnmr\/\">Facebook<\/a><\/li>\n<li><a href=\"https:\/\/www.instagram.com\/fngbg_mr\/\">Instagram<\/a><\/li>\n<\/ul>\n","protected":false},"excerpt":{"rendered":"<p>M\u00e4nskliga r\u00e4ttighetsgruppen V\u00e4lkommen till M\u00e4nskliga r\u00e4ttighetsgruppen inom G\u00f6teborgs FN-f\u00f6rening! M\u00e4nskliga r\u00e4ttighetsgruppen fokuserar p\u00e5 att diskutera fr\u00e5gor och sprida kunskap som&hellip;<\/p>\n","protected":false},"author":34,"featured_media":0,"parent":0,"menu_order":0,"comment_status":"closed","ping_status":"closed","template":"templates\/template-sub.php","meta":{"_acf_changed":false,"footnotes":"","_links_to":"","_links_to_target":""},"class_list":["post-33","page","type-page","status-publish","hentry"],"acf":[],"_links":{"self":[{"href":"https:\/\/fn.se\/goteborg\/wp-json\/wp\/v2\/pages\/33","targetHints":{"allow":["GET"]}}],"collection":[{"href":"https:\/\/fn.se\/goteborg\/wp-json\/wp\/v2\/pages"}],"about":[{"href":"https:\/\/fn.se\/goteborg\/wp-json\/wp\/v2\/types\/page"}],"author":[{"embeddable":true,"href":"https:\/\/fn.se\/goteborg\/wp-json\/wp\/v2\/users\/34"}],"replies":[{"embeddable":true,"href":"https:\/\/fn.se\/goteborg\/wp-json\/wp\/v2\/comments?post=33"}],"version-history":[{"count":19,"href":"https:\/\/fn.se\/goteborg\/wp-json\/wp\/v2\/pages\/33\/revisions"}],"predecessor-version":[{"id":1189,"href":"https:\/\/fn.se\/goteborg\/wp-json\/wp\/v2\/pages\/33\/revisions\/1189"}],"wp:attachment":[{"href":"https:\/\/fn.se\/goteborg\/wp-json\/wp\/v2\/media?parent=33"}],"curies":[{"name":"wp","href":"https:\/\/api.w.org\/{rel}","templated":true}]}}