{"id":2,"date":"2016-02-17T11:51:16","date_gmt":"2016-02-17T11:51:16","guid":{"rendered":"http:\/\/fn.se\/goteborg\/?page_id=2"},"modified":"2026-02-12T20:24:00","modified_gmt":"2026-02-12T20:24:00","slug":"sample-page","status":"publish","type":"page","link":"https:\/\/fn.se\/goteborg\/","title":{"rendered":"HEM"},"content":{"rendered":"\n<figure class=\"wp-block-image alignright size-large is-resized is-style-default\"><img loading=\"lazy\" decoding=\"async\" width=\"464\" height=\"1024\" src=\"https:\/\/fn.se\/goteborg\/wp-content\/uploads\/sites\/14\/2024\/03\/FN-logga-1-464x1024.jpg\" alt=\"\" class=\"wp-image-910\" style=\"width:210px;height:auto\" srcset=\"https:\/\/fn.se\/goteborg\/wp-content\/uploads\/sites\/14\/2024\/03\/FN-logga-1-464x1024.jpg 464w, https:\/\/fn.se\/goteborg\/wp-content\/uploads\/sites\/14\/2024\/03\/FN-logga-1-136x300.jpg 136w, https:\/\/fn.se\/goteborg\/wp-content\/uploads\/sites\/14\/2024\/03\/FN-logga-1-696x1536.jpg 696w, https:\/\/fn.se\/goteborg\/wp-content\/uploads\/sites\/14\/2024\/03\/FN-logga-1-650x1435.jpg 650w, https:\/\/fn.se\/goteborg\/wp-content\/uploads\/sites\/14\/2024\/03\/FN-logga-1.jpg 714w\" sizes=\"auto, (max-width: 464px) 100vw, 464px\" \/><\/figure>\n\n\n\n<h2 class=\"wp-block-heading has-text-align-left\"><strong>V\u00e4lkommen till G\u00f6teborgs FN-f\u00f6rening!<\/strong><\/h2>\n\n\n\n<p>G\u00f6teborgs FN-f\u00f6rening \u00e4r en del av den svenska FN-r\u00f6relsen och knuten till Svenska FN-f\u00f6rbundet. F\u00f6reningen \u00e4r partipolitiskt och religi\u00f6st obunden. All verksamhet bygger p\u00e5 lokala och n\u00e4ra krafter \u2013 vi t\u00e4nker globalt och agerar lokalt. I v\u00e5r r\u00f6relse levandeg\u00f6rs visioner och id\u00e9er formas om hur internationellt samarbete kan fr\u00e4mjas. <\/p>\n\n\n\n<p>Efter att andra v\u00e4rldskriget var \u00f6ver och att F\u00f6renta Nationerna bildades 1945, bildades sedan G\u00f6teborgs FN-f\u00f6rening november \u00e5r 1947. Hoppet om en b\u00e4ttre v\u00e4rld hade \u00e5terkommit. Drivkraften om mellanfolkligt samarbete var starkt och engagemanget i G\u00f6teborg var stort.&nbsp;<\/p>\n\n\n\n<p>Under 2026 kommer f\u00f6reningen satsa p\u00e5 att sprida kunskap om FN:s tidigare och p\u00e5g\u00e5ende arbete i omv\u00e4rlden. Kolla g\u00e4rna in f\u00f6reningens nya tillskott: Barnsektionen!<\/p>\n\n\n\n<p>Vare sig du v\u00e4ljer att vara st\u00f6dmedlem eller aktiv \u00e4r du hj\u00e4rtligt v\u00e4lkommen! Desto fler vi \u00e4r som sprider FN:s budskap och arbetar f\u00f6r en b\u00e4ttre v\u00e4rld, desto starkare blir vi!<\/p>\n\n\n\n<p><a class=\"new-window\" href=\"https:\/\/betalning.fn.se\/pfs\/memberregistration\/\" target=\"_blank\" rel=\"noopener noreferrer\">V\u00e4lkommen att bli medlem<\/a> i Sveriges \u00e4ldsta FN-f\u00f6rening!<\/p>\n\n\n\n<p><\/p>\n\n\n\n<h2 class=\"wp-block-heading\">G\u00f6teborgs FN-F\u00f6rening p\u00e5 sociala medier<\/h2>\n\n\n\n<ul class=\"wp-block-list\">\n<li><a href=\"https:\/\/www.facebook.com\/FNGBG.se\/\">Facebook<\/a><\/li>\n\n\n\n<li><a href=\"https:\/\/www.instagram.com\/goteborgsfnforening\/\">Instagram <\/a><\/li>\n\n\n\n<li><a href=\"https:\/\/www.linkedin.com\/company\/fngbg\/\" target=\"_blank\" rel=\"noopener\">Linkedin<\/a><\/li>\n<\/ul>\n\n\n\n<h2 class=\"wp-block-heading\">Aktuellt<\/h2>\n\n\n\n<hr class=\"wp-block-separator has-alpha-channel-opacity\" \/>\n\n\n\n<p>Den 12 februari 2025 hade G\u00f6teborgs FN f\u00f6rening \u00e5rsm\u00f6te, vilket inleddes med ett mycket aktuellt och intressant f\u00f6redrag av v\u00e5r tidigare styrelseledamot och ungdomsambassad\u00f6r Hanna Avonds. Hanna ber\u00e4ttade om &#8221;Projekt flicka&#8221; och det var engagerade deltagarna i allra h\u00f6gsta grad.<\/p>\n\n\n\n<p>Efter tv\u00e5 \u00e5r som ordf\u00f6rande f\u00f6r FN f\u00f6reningen \u00e4r det dags f\u00f6r Lena att l\u00e4mna \u00f6ver till Daniel Pichler som hon \u00f6nskar varmt lycka till!&nbsp;<\/p>\n\n\n\n<p>Det har varit intensiva, sp\u00e4nnande och roliga \u00e5r tillsammans med en fantastisk styrelse. Vilket engagemang alla har haft och inte minst alla fokusgrupper.<\/p>\n\n\n\n<p>Tack till er ocks\u00e5 f\u00f6r era m\u00e5nga och olika event som ni i fokusgrupperna genomf\u00f6rt!&nbsp;<\/p>\n\n\n\n<p>\u201dJag \u00e4r stolt \u00f6ver att f\u00e5tt vara en del av en fin och gammal f\u00f6rening. Sveriges \u00e4ldsta och st\u00f6rsta. Jag \u00f6nskar den nya styrelsen all lycka fram\u00f6ver. Det kommer att bli j\u00e4ttebra!\u201d &#8211; Lena Ekman<\/p>\n\n\n\n<p>Vi i kommunikation vill ocks\u00e5 passa p\u00e5 att tacka alla er medlemmar som har tagit er tiden att l\u00e4sa och engagera er i v\u00e5ra olika utskick och inl\u00e4gg p\u00e5 sociala medier och nyhetsbrev. Det har varit ett roligt och tacksamt uppdrag, och vi hoppas att ni har uppskattat det lika mycket!<\/p>\n\n\n\n<p>Lena tillsammans med kommunikationsgruppen, \u00f6vriga ledam\u00f6ter, revisorer och valberedning \u00f6nskar tacka f\u00f6r ett engagerat och h\u00e4ndelserikt 2024.<\/p>\n\n\n\n<p><strong>Tack f\u00f6r oss! \ud83c\uddfa\ud83c\uddf3<\/strong><\/p>\n\n\n\n<figure class=\"wp-block-image size-large\"><img loading=\"lazy\" decoding=\"async\" width=\"1024\" height=\"768\" src=\"https:\/\/fn.se\/goteborg\/wp-content\/uploads\/sites\/14\/2025\/02\/20250212_200341-1024x768.jpeg\" alt=\"\" class=\"wp-image-1104\" srcset=\"https:\/\/fn.se\/goteborg\/wp-content\/uploads\/sites\/14\/2025\/02\/20250212_200341-1024x768.jpeg 1024w, https:\/\/fn.se\/goteborg\/wp-content\/uploads\/sites\/14\/2025\/02\/20250212_200341-300x225.jpeg 300w, https:\/\/fn.se\/goteborg\/wp-content\/uploads\/sites\/14\/2025\/02\/20250212_200341-768x576.jpeg 768w, https:\/\/fn.se\/goteborg\/wp-content\/uploads\/sites\/14\/2025\/02\/20250212_200341-1536x1152.jpeg 1536w, https:\/\/fn.se\/goteborg\/wp-content\/uploads\/sites\/14\/2025\/02\/20250212_200341-2048x1536.jpeg 2048w, https:\/\/fn.se\/goteborg\/wp-content\/uploads\/sites\/14\/2025\/02\/20250212_200341-650x488.jpeg 650w\" sizes=\"auto, (max-width: 1024px) 100vw, 1024px\" \/><\/figure>\n\n\n\n<p><\/p>\n\n\n\n<p><strong>\u00c5rsm\u00f6te<\/strong><\/p>\n\n\n\n<p>Medlemsm\u00f6tet kommer att inledas med ett f\u00f6redrag med Hannah Avonds innan vi s\u00e4tter ig\u00e5ng med verksamhetsber\u00e4ttelse och nyval f\u00f6r styrelsen, samt avtackning av de tidigare sittande styrelsemedlemmarna.<\/p>\n\n\n\n<p>Anm\u00e4l er g\u00e4rna till oss p\u00e5<\/p>\n\n\n\n<p><a href=\"mailto:gbgfnforeningkommunikation@gmail.com?subject=Anm%C3%A4lan%20%C3%A5rsm%C3%B6te&amp;body=\" rel=\"noreferrer noopener\" target=\"_blank\">gbgfnforeningkommunikation@gmail.com<\/a>&nbsp;om ni t\u00e4nker<br>vara med p\u00e5 \u00e5rsm\u00f6tet senast den 10 februari.<\/p>\n\n\n\n<p><strong>Adress<\/strong>: <br>Kommande \u00e5rsm\u00f6tet \u00e4r den 12 februari kl. 18:00. <br>Redbergsskolan,&nbsp;<a href=\"https:\/\/www.google.com\/maps\/search\/%C3%96rngatan+6?entry=gmail&amp;source=g\" target=\"_blank\" rel=\"noreferrer noopener\">\u00d6rngatan 6<\/a>, v\u00e4nster entr\u00e9 B, sal 13 direkt v\u00e4nster i entr\u00e9plan.<\/p>\n\n\n\n<p>Hpl Redbergsplatsen.<\/p>\n\n\n\n<p>Tag sikte p\u00e5 h\u00f6rnrestaurang Masala kitchen, skolan syns d\u00e4rifr\u00e5n.<\/p>\n\n\n\n<h2 class=\"wp-block-heading\">Barnkonventionens dag 2024<\/h2>\n\n\n\n<p>N\u00e4stan 500 miljoner barn lever idag&nbsp;i konfliktzoner &#8211; en siffra som speglar ett lidande bortom krigets fasor. Dessa barn lever med en st\u00e4ndig r\u00e4dsla och drabbas h\u00e5rt av smittsamma sjukdomar och fattigdom som krig ofta f\u00f6r med sig.<br><br>Den 20 november bj\u00f6d d\u00e4rmed FN f\u00f6reningen i G\u00f6teborg, i samarbete med juristbyr\u00e5n EZlegal, in till en digital kv\u00e4ll som satte fokus p\u00e5 barnens r\u00e4ttigheter enligt Barnkonventionen.<br><br>Forumet startade kl: 18.00, d\u00e4r man fick m\u00f6jligheten att lyssna till b\u00e5de nationella och internationella akt\u00f6rer inom familjer\u00e4tt, medicin, humanit\u00e4rt arbete och ekonomi. Talarna delade sina insikter och uppm\u00e4rksammade barns utsatthet, samtidigt som de belyste v\u00e4gar till f\u00f6r\u00e4ndring.<br><br>Det digitala forumet h\u00f6lls delvis p\u00e5 engelska.<\/p>\n\n\n\n\n\n<div data-wp-interactive=\"core\/file\" class=\"wp-block-file\"><object data-wp-bind--hidden=\"!state.hasPdfPreview\" hidden class=\"wp-block-file__embed\" data=\"https:\/\/fn.se\/goteborg\/wp-content\/uploads\/sites\/14\/2025\/01\/2024-11-20-Barnkonventionens-dag-utan-anmalningsla_241105_111354.pdf\" type=\"application\/pdf\" style=\"width:100%;height:600px\" aria-label=\"Inb\u00e4ddning av 2024 11 20 Barnkonventionens dag utan anma\u0308lningsla\u0308_241105_111354.\"><\/object><a id=\"wp-block-file--media-3af276c4-c886-4f96-b71c-72d5c93e2738\" href=\"https:\/\/fn.se\/goteborg\/wp-content\/uploads\/sites\/14\/2025\/01\/2024-11-20-Barnkonventionens-dag-utan-anmalningsla_241105_111354.pdf\">2024 11 20 Barnkonventionens dag utan anma\u0308lningsla\u0308_241105_111354<\/a><a href=\"https:\/\/fn.se\/goteborg\/wp-content\/uploads\/sites\/14\/2025\/01\/2024-11-20-Barnkonventionens-dag-utan-anmalningsla_241105_111354.pdf\" class=\"wp-block-file__button wp-element-button\" download aria-describedby=\"wp-block-file--media-3af276c4-c886-4f96-b71c-72d5c93e2738\">Ladda ner<\/a><\/div>\n","protected":false},"excerpt":{"rendered":"<p>V\u00e4lkommen till G\u00f6teborgs FN-f\u00f6rening! G\u00f6teborgs FN-f\u00f6rening \u00e4r en del av den svenska FN-r\u00f6relsen och knuten till Svenska FN-f\u00f6rbundet. F\u00f6reningen \u00e4r&hellip;<\/p>\n","protected":false},"author":1,"featured_media":0,"parent":0,"menu_order":0,"comment_status":"closed","ping_status":"closed","template":"templates\/template-sub.php","meta":{"_acf_changed":false,"footnotes":"","_links_to":"","_links_to_target":""},"class_list":["post-2","page","type-page","status-publish","hentry"],"acf":[],"_links":{"self":[{"href":"https:\/\/fn.se\/goteborg\/wp-json\/wp\/v2\/pages\/2","targetHints":{"allow":["GET"]}}],"collection":[{"href":"https:\/\/fn.se\/goteborg\/wp-json\/wp\/v2\/pages"}],"about":[{"href":"https:\/\/fn.se\/goteborg\/wp-json\/wp\/v2\/types\/page"}],"author":[{"embeddable":true,"href":"https:\/\/fn.se\/goteborg\/wp-json\/wp\/v2\/users\/1"}],"replies":[{"embeddable":true,"href":"https:\/\/fn.se\/goteborg\/wp-json\/wp\/v2\/comments?post=2"}],"version-history":[{"count":163,"href":"https:\/\/fn.se\/goteborg\/wp-json\/wp\/v2\/pages\/2\/revisions"}],"predecessor-version":[{"id":1200,"href":"https:\/\/fn.se\/goteborg\/wp-json\/wp\/v2\/pages\/2\/revisions\/1200"}],"wp:attachment":[{"href":"https:\/\/fn.se\/goteborg\/wp-json\/wp\/v2\/media?parent=2"}],"curies":[{"name":"wp","href":"https:\/\/api.w.org\/{rel}","templated":true}]}}