{"id":1107,"date":"2025-04-06T11:54:52","date_gmt":"2025-04-06T11:54:52","guid":{"rendered":"https:\/\/fn.se\/goteborg\/?page_id=1107"},"modified":"2026-02-12T20:13:36","modified_gmt":"2026-02-12T20:13:36","slug":"styrelsen-2025-2026","status":"publish","type":"page","link":"https:\/\/fn.se\/goteborg\/styrelsen-2025-2026\/","title":{"rendered":"Styrelsen 2026"},"content":{"rendered":"\n<h1 class=\"wp-block-heading\">Styrelsen<\/h1>\n\n\n\n<h3 class=\"wp-block-heading\">Ordf\u00f6rande<\/h3>\n\n\n\n<figure class=\"wp-block-image size-large is-resized\"><img loading=\"lazy\" decoding=\"async\" width=\"700\" height=\"1024\" src=\"https:\/\/fn.se\/goteborg\/wp-content\/uploads\/sites\/14\/2025\/05\/IMG_3046_jpg-1-700x1024.jpg\" alt=\"\" class=\"wp-image-1114\" style=\"width:139px;height:auto\" srcset=\"https:\/\/fn.se\/goteborg\/wp-content\/uploads\/sites\/14\/2025\/05\/IMG_3046_jpg-1-700x1024.jpg 700w, https:\/\/fn.se\/goteborg\/wp-content\/uploads\/sites\/14\/2025\/05\/IMG_3046_jpg-1-205x300.jpg 205w, https:\/\/fn.se\/goteborg\/wp-content\/uploads\/sites\/14\/2025\/05\/IMG_3046_jpg-1-768x1124.jpg 768w, https:\/\/fn.se\/goteborg\/wp-content\/uploads\/sites\/14\/2025\/05\/IMG_3046_jpg-1-1050x1536.jpg 1050w, https:\/\/fn.se\/goteborg\/wp-content\/uploads\/sites\/14\/2025\/05\/IMG_3046_jpg-1-1400x2048.jpg 1400w, https:\/\/fn.se\/goteborg\/wp-content\/uploads\/sites\/14\/2025\/05\/IMG_3046_jpg-1-650x951.jpg 650w, https:\/\/fn.se\/goteborg\/wp-content\/uploads\/sites\/14\/2025\/05\/IMG_3046_jpg-1-1024x1498.jpg 1024w, https:\/\/fn.se\/goteborg\/wp-content\/uploads\/sites\/14\/2025\/05\/IMG_3046_jpg-1-scaled.jpg 1750w\" sizes=\"auto, (max-width: 700px) 100vw, 700px\" \/><\/figure>\n\n\n\n<p>Daniel Pichler<\/p>\n\n\n\n<h3 class=\"wp-block-heading\">Vice ordf\u00f6rande <\/h3>\n\n\n\n<p>Moa Engstr\u00f6m<\/p>\n\n\n\n<h3 class=\"wp-block-heading\">Kass\u00f6r<\/h3>\n\n\n\n<p>Elin Hansbo Olsson<\/p>\n\n\n\n<h3 class=\"wp-block-heading\">\u00d6vriga styrelseledam\u00f6ter<\/h3>\n\n\n\n<p>Vania Olsson<\/p>\n\n\n\n<p>Nour Al Kasam<\/p>\n\n\n\n<h3 class=\"wp-block-heading\"><strong>Styrelsesuppleanter<\/strong><\/h3>\n\n\n\n<p>Fanny Dahl\u00f6f Ask<\/p>\n\n\n\n<p>Andres Vater<\/p>\n\n\n\n<p><\/p>\n","protected":false},"excerpt":{"rendered":"<p>Styrelsen Ordf\u00f6rande Daniel Pichler Vice ordf\u00f6rande Moa Engstr\u00f6m Kass\u00f6r Elin Hansbo Olsson \u00d6vriga styrelseledam\u00f6ter Vania Olsson Nour Al Kasam Styrelsesuppleanter&hellip;<\/p>\n","protected":false},"author":34,"featured_media":0,"parent":0,"menu_order":0,"comment_status":"closed","ping_status":"closed","template":"templates\/template-sub.php","meta":{"_acf_changed":false,"footnotes":"","_links_to":"","_links_to_target":""},"class_list":["post-1107","page","type-page","status-publish","hentry"],"acf":[],"_links":{"self":[{"href":"https:\/\/fn.se\/goteborg\/wp-json\/wp\/v2\/pages\/1107","targetHints":{"allow":["GET"]}}],"collection":[{"href":"https:\/\/fn.se\/goteborg\/wp-json\/wp\/v2\/pages"}],"about":[{"href":"https:\/\/fn.se\/goteborg\/wp-json\/wp\/v2\/types\/page"}],"author":[{"embeddable":true,"href":"https:\/\/fn.se\/goteborg\/wp-json\/wp\/v2\/users\/34"}],"replies":[{"embeddable":true,"href":"https:\/\/fn.se\/goteborg\/wp-json\/wp\/v2\/comments?post=1107"}],"version-history":[{"count":4,"href":"https:\/\/fn.se\/goteborg\/wp-json\/wp\/v2\/pages\/1107\/revisions"}],"predecessor-version":[{"id":1194,"href":"https:\/\/fn.se\/goteborg\/wp-json\/wp\/v2\/pages\/1107\/revisions\/1194"}],"wp:attachment":[{"href":"https:\/\/fn.se\/goteborg\/wp-json\/wp\/v2\/media?parent=1107"}],"curies":[{"name":"wp","href":"https:\/\/api.w.org\/{rel}","templated":true}]}}