{"id":2,"date":"2016-02-17T11:51:03","date_gmt":"2016-02-17T11:51:03","guid":{"rendered":"http:\/\/fn.se\/gavle\/?page_id=2"},"modified":"2016-09-13T09:26:33","modified_gmt":"2016-09-13T09:26:33","slug":"sample-page","status":"publish","type":"page","link":"https:\/\/fn.se\/gavle\/","title":{"rendered":"Hem"},"content":{"rendered":"<h1>V\u00e4lkommen till G\u00e4vle FN-f\u00f6rening!<img loading=\"lazy\" decoding=\"async\" class=\"size-full wp-image-8 alignright\" src=\"https:\/\/fn.se\/gavle\/wp-content\/uploads\/sites\/13\/2016\/02\/SFN_F\u00d6RENING_G\u00e4vle.jpg\" alt=\"sfn_logopayoff_pos_right\" width=\"117\" height=\"291\" \/><\/h1>\n<p class=\"intro\">G\u00e4vle FN-f\u00f6rening \u00e4r en del av den svenska FN-r\u00f6relsen och knuten till Svenska FN-f\u00f6rbundet. F\u00f6reningen \u00e4r partipolitiskt och religi\u00f6st obunden. All verksamhet bygger p\u00e5 lokala och n\u00e4ra krafter, vi t\u00e4nker globalt men handlar n\u00e4ra och lokalt. I v\u00e5r r\u00f6relse levandeg\u00f6rs visioner. Id\u00e9er formas om hur internationellt samarbete kan fr\u00e4mjas. Det \u00e4r berikande p\u00e5 m\u00e5nga s\u00e4tt.<\/p>\n<p>H\u00e4r f\u00e5r du m\u00f6jlighet att m\u00f6ta nya m\u00e4nniskor, l\u00e4ra dig mer om FN och internationella fr\u00e5gor, arbeta med insamlingsprojekt, p\u00e5verka och framf\u00f6r allt bidra till det viktiga arbetet f\u00f6r en b\u00e4ttre v\u00e4rld.\u00a0Som medlem har Du m\u00f6jlighet att f\u00e5 v\u00e4rdefull FN-kunskap genom f\u00f6rbundets olika kurser och seminarier.<\/p>\n<p>Vi beh\u00f6ver FN! FN beh\u00f6ver dig!\u00a0<a class=\"new-window\" href=\"https:\/\/betalning.fn.se\/pfs\/memberregistration\/\" target=\"_blank\">V\u00e4lkommen som medlem i v\u00e5r f\u00f6rening!<\/a><\/p>\n<h2>Kontakt<\/h2>\n<p>Margareta Bj\u00f6rkenstam<br \/>\nAdress:\u00a0N. Slottsgatan 19,\u00a0803 23 G\u00e4vle<br \/>\nTelefon:\u00a0073-030 72 70<\/p>\n","protected":false},"excerpt":{"rendered":"<p>V\u00e4lkommen till G\u00e4vle FN-f\u00f6rening! G\u00e4vle FN-f\u00f6rening \u00e4r en del av den svenska FN-r\u00f6relsen och knuten till Svenska FN-f\u00f6rbundet. F\u00f6reningen \u00e4r&hellip;<\/p>\n","protected":false},"author":1,"featured_media":7,"parent":0,"menu_order":0,"comment_status":"closed","ping_status":"open","template":"templates\/template-sub.php","meta":{"_acf_changed":false,"footnotes":"","_links_to":"","_links_to_target":""},"class_list":["post-2","page","type-page","status-publish","has-post-thumbnail","hentry"],"acf":[],"_links":{"self":[{"href":"https:\/\/fn.se\/gavle\/wp-json\/wp\/v2\/pages\/2","targetHints":{"allow":["GET"]}}],"collection":[{"href":"https:\/\/fn.se\/gavle\/wp-json\/wp\/v2\/pages"}],"about":[{"href":"https:\/\/fn.se\/gavle\/wp-json\/wp\/v2\/types\/page"}],"author":[{"embeddable":true,"href":"https:\/\/fn.se\/gavle\/wp-json\/wp\/v2\/users\/1"}],"replies":[{"embeddable":true,"href":"https:\/\/fn.se\/gavle\/wp-json\/wp\/v2\/comments?post=2"}],"version-history":[{"count":3,"href":"https:\/\/fn.se\/gavle\/wp-json\/wp\/v2\/pages\/2\/revisions"}],"predecessor-version":[{"id":10,"href":"https:\/\/fn.se\/gavle\/wp-json\/wp\/v2\/pages\/2\/revisions\/10"}],"wp:featuredmedia":[{"embeddable":true,"href":"https:\/\/fn.se\/gavle\/wp-json\/wp\/v2\/media\/7"}],"wp:attachment":[{"href":"https:\/\/fn.se\/gavle\/wp-json\/wp\/v2\/media?parent=2"}],"curies":[{"name":"wp","href":"https:\/\/api.w.org\/{rel}","templated":true}]}}