{"id":895,"date":"2021-05-09T17:01:00","date_gmt":"2021-05-09T17:01:00","guid":{"rendered":"https:\/\/fn.se\/falun\/?page_id=895"},"modified":"2026-04-24T06:14:11","modified_gmt":"2026-04-24T06:14:11","slug":"styrelse-2","status":"publish","type":"page","link":"https:\/\/fn.se\/falun\/styrelse-2\/","title":{"rendered":"Styrelse"},"content":{"rendered":"\n<p><strong>Ordf\u00f6rande<\/strong><\/p>\n\n\n\n<p>Annica Ericson<br>Telefon: 073 1542111<br>E-post:\u00a0falufnforening@yahoo.com<\/p>\n\n\n\n<p><strong>Sekreterare<\/strong><\/p>\n\n\n\n<p>Evalotta Falkeborn<\/p>\n\n\n\n<p><strong>Kass\u00f6r<\/strong><\/p>\n\n\n\n<p>\u00c5sa Hansson<\/p>\n\n\n\n<p>E-post: a._bengtsarvet@yahoo.se<\/p>\n\n\n\n<p><strong><strong>\u00d6vriga ledam\u00f6ter<\/strong><\/strong><\/p>\n\n\n\n<p><\/p>\n\n\n\n<figure class=\"wp-block-image size-large is-resized\"><img loading=\"lazy\" decoding=\"async\" width=\"306\" height=\"306\" src=\"https:\/\/fn.se\/falun\/wp-content\/uploads\/sites\/10\/2021\/05\/image-edited-1.jpeg\" alt=\"\" class=\"wp-image-905\" style=\"width:221px;height:221px\" srcset=\"https:\/\/fn.se\/falun\/wp-content\/uploads\/sites\/10\/2021\/05\/image-edited-1.jpeg 306w, https:\/\/fn.se\/falun\/wp-content\/uploads\/sites\/10\/2021\/05\/image-edited-1-300x300.jpeg 300w, https:\/\/fn.se\/falun\/wp-content\/uploads\/sites\/10\/2021\/05\/image-edited-1-150x150.jpeg 150w\" sizes=\"auto, (max-width: 306px) 100vw, 306px\" \/><\/figure>\n\n\n\n<p><strong>Cecilia (Cia) Bergh<\/strong><br>Telefon: 070-3392641<br>E-post: C<a href=\"mailto:a.cecilia.bergh@gmail.com\">ecilia (Cia) Bergh<\/a><\/p>\n\n\n\n<p><\/p>\n\n\n\n<p><strong><strong>Suppleanter<\/strong><\/strong><\/p>\n\n\n\n<p>Inger Malmberg<\/p>\n\n\n\n<p>Thomas Olsson<\/p>\n","protected":false},"excerpt":{"rendered":"<p>Ordf\u00f6rande Annica EricsonTelefon: 073 1542111E-post:\u00a0falufnforening@yahoo.com Sekreterare Evalotta Falkeborn Kass\u00f6r \u00c5sa Hansson E-post: a._bengtsarvet@yahoo.se \u00d6vriga ledam\u00f6ter Cecilia (Cia) BerghTelefon: 070-3392641E-post: Cecilia&hellip;<\/p>\n","protected":false},"author":31,"featured_media":0,"parent":0,"menu_order":0,"comment_status":"closed","ping_status":"closed","template":"","meta":{"_acf_changed":false,"footnotes":"","_links_to":"","_links_to_target":""},"class_list":["post-895","page","type-page","status-publish","hentry"],"acf":[],"_links":{"self":[{"href":"https:\/\/fn.se\/falun\/wp-json\/wp\/v2\/pages\/895","targetHints":{"allow":["GET"]}}],"collection":[{"href":"https:\/\/fn.se\/falun\/wp-json\/wp\/v2\/pages"}],"about":[{"href":"https:\/\/fn.se\/falun\/wp-json\/wp\/v2\/types\/page"}],"author":[{"embeddable":true,"href":"https:\/\/fn.se\/falun\/wp-json\/wp\/v2\/users\/31"}],"replies":[{"embeddable":true,"href":"https:\/\/fn.se\/falun\/wp-json\/wp\/v2\/comments?post=895"}],"version-history":[{"count":26,"href":"https:\/\/fn.se\/falun\/wp-json\/wp\/v2\/pages\/895\/revisions"}],"predecessor-version":[{"id":1131,"href":"https:\/\/fn.se\/falun\/wp-json\/wp\/v2\/pages\/895\/revisions\/1131"}],"wp:attachment":[{"href":"https:\/\/fn.se\/falun\/wp-json\/wp\/v2\/media?parent=895"}],"curies":[{"name":"wp","href":"https:\/\/api.w.org\/{rel}","templated":true}]}}