{"id":87,"date":"2019-08-11T09:14:27","date_gmt":"2019-08-11T09:14:27","guid":{"rendered":"http:\/\/fn.se\/falun\/?page_id=87"},"modified":"2022-03-10T12:06:28","modified_gmt":"2022-03-10T12:06:28","slug":"protokoll","status":"publish","type":"page","link":"https:\/\/fn.se\/falun\/protokoll\/","title":{"rendered":"Dokument"},"content":{"rendered":"<h2>Dokument<\/h2>\n<h4>Brev, debattartiklar och rapporter fr\u00e5n Falu FN-f\u00f6rening<\/h4>\n<p><em>OBS &#8211; sidan \u00e4r ej uppdaterad. Vi beh\u00f6ver hj\u00e4lp i f\u00f6reningen att sk\u00f6ta hemsidan. H\u00f6r g\u00e4rna av dig till styrelsen om du k\u00e4nner dig manad.<\/em><\/p>\n<p><a href=\"https:\/\/fn.se\/falun\/wp-content\/uploads\/sites\/10\/2020\/01\/F\u00f6rbudet-som-kom-av-sig-20200118.pdf\">F\u00f6rbudet som kom av sig &#8211; 20200118<\/a><\/p>\n<p><a href=\"https:\/\/fn.se\/falun\/wp-content\/uploads\/sites\/10\/2019\/09\/Uttalande-om-k\u00e4rnvapen-antaget-2019-09-17.pdf\">Uttalande om k\u00e4rnvapen antaget 2019 09 17<\/a><\/p>\n<p><a href=\"https:\/\/fn.se\/falun\/wp-content\/uploads\/sites\/10\/2019\/09\/Inspirationsdag-2019-09-14-Dalarnas-FN-distrikt.pdf\">Inspirationsdag 2019-09-14 Dalarnas FN distrikt<\/a><\/p>\n<p><a href=\"https:\/\/fn.se\/falun\/wp-content\/uploads\/sites\/10\/2019\/08\/Pressmeddelande-6-augusti-2019-Hiroshimadagen.pdf\">Pressmeddelande 6 augusti 2019 &#8211; Hiroshimadagen<\/a><\/p>\n<p><a href=\"https:\/\/fn.se\/falun\/wp-content\/uploads\/sites\/10\/2019\/08\/Ins\u00e4ndare-Hiroshima-6-aug-2019.pdf\">Ins\u00e4ndare Hiroshima 6 aug 2019<\/a><\/p>\n<p><a href=\"https:\/\/fn.se\/falun\/wp-content\/uploads\/sites\/10\/2019\/06\/Medlemsbrev-juni-2019-Falu-FN-f\u00f6rening.pdf\">Medlemsbrev juni 2019 &#8211; Falu FN-f\u00f6rening<\/a><\/p>\n<p><a href=\"https:\/\/fn.se\/falun\/wp-content\/uploads\/sites\/10\/2019\/06\/Om-k\u00e4rnvapenf\u00f6rbudet-och-namninsamling.pdf\">Om k\u00e4rnvapenf\u00f6rbudet och namninsamling<\/a><\/p>\n<p><a href=\"https:\/\/fn.se\/falun\/wp-content\/uploads\/sites\/10\/2019\/06\/2019-05-23-Ins\u00e4ndare-DD-om-K\u00e4rnvapen.pdf\">2019 05 23 Ins\u00e4ndare DD om K\u00e4rnvapen<\/a><\/p>\n<p><a href=\"https:\/\/fn.se\/falun\/wp-content\/uploads\/sites\/10\/2019\/05\/Pressmeddelande-inf\u00f6r-11-maj-2019-Manifestation-f\u00f6r-k\u00e4rnvapenf\u00f6rbud-1.pdf\">Pressmeddelande inf\u00f6r 11 maj 2019 &#8211; Manifestation f\u00f6r k\u00e4rnvapenf\u00f6rbud<\/a><\/p>\n<p><a href=\"https:\/\/fn.se\/falun\/wp-content\/uploads\/sites\/10\/2019\/03\/Remissvar-k\u00e4rnvapenf\u00f6rbud-2019-03-13.pdf\">Remissvar k\u00e4rnvapenf\u00f6rbud 2019-03-13<\/a><\/p>\n<p><a href=\"https:\/\/fn.se\/falun\/wp-content\/uploads\/sites\/10\/2019\/03\/Tal-p\u00e5-vers-manifestation-om-k\u00e4rnvapen-2019-03-09.pdf\">Tal p\u00e5 vers- manifestation om k\u00e4rnvapen &#8211; 2019 03 09<\/a><\/p>\n<p><a href=\"https:\/\/fn.se\/falun\/wp-content\/uploads\/sites\/10\/2018\/12\/Dalarnas-FN-distrikts-Jemen-2018.pdf\">Dalarnas FN-distrikt &#8211; Stoppa Jemenkriget<\/a><\/p>\n<p><a href=\"https:\/\/fn.se\/falun\/wp-content\/uploads\/sites\/10\/2018\/12\/Falu-FN-f\u00f6rening-tal-Helge-Sonntag-manifestation-2018-12-07.pdf\">Tal Helge Sonntag &#8211; k\u00e4rnvapenmanifestation 2018 12 07<\/a><\/p>\n<p><a href=\"https:\/\/fn.se\/falun\/wp-content\/uploads\/sites\/10\/2018\/10\/Referat-fr\u00e5n-f\u00f6rel\u00e4sning-Jenny-\u00c5berg-20-okt-2018.pdf\">Referat fr\u00e5n f\u00f6rel\u00e4sning Jenny \u00c5berg 20 okt 2018<\/a><\/p>\n<p><a href=\"https:\/\/fn.se\/falun\/wp-content\/uploads\/sites\/10\/2018\/08\/Fr\u00e5gor-och-svar-fr\u00e5n-partierna-om-k\u00e4rnkraft-augusti-2018-1.pdf\">Fr\u00e5gor och svar fr\u00e5n partierna om k\u00e4rnkraft &#8211; augusti 2018<\/a><\/p>\n<p><a href=\"https:\/\/fn.se\/falun\/wp-content\/uploads\/sites\/10\/2018\/06\/Rapport-fr\u00e5n-FN-kongress-2018.docx\">Rapport fr\u00e5n FN kongress 2018<\/a><\/p>\n<p><a href=\"https:\/\/fn.se\/falun\/wp-content\/uploads\/sites\/10\/2017\/12\/Vykort-Skriv-under-FNs-konvention-mot-k\u00e4rnvapen-Stefan-L\u00f6fven.pdf\">Vykort &#8211; Skriv under FNs konvention mot k\u00e4rnvapen &#8211; Stefan L\u00f6fven<\/a><\/p>\n<p><a href=\"https:\/\/fn.se\/falun\/wp-content\/uploads\/sites\/10\/2017\/12\/Vykort-Skriv-under-FNs-konvention-mot-k\u00e4rnvapen-Margot-Wallstr\u00f6m.pdf\">Vykort &#8211; Skriv under FNs konvention mot k\u00e4rnvapen &#8211; Margot Wallstr\u00f6m<br \/>\n<\/a><br \/>\n<a href=\"https:\/\/fn.se\/falun\/wp-content\/uploads\/sites\/10\/2016\/10\/Brev-till-Margot-Wallstr\u00f6m-2017-09-14.pdf\">Brev till Margot Wallstr\u00f6m 2017-09-14<\/a><\/p>\n<p><a href=\"https:\/\/fn.se\/falun\/wp-content\/uploads\/sites\/10\/2016\/10\/Brev-till-medlemmar-2017-04-05.pdf\">Brev till medlemmar 2017-04-05<\/a><\/p>\n<p><strong>\u00c5rsm\u00f6teshandlingar 2019<\/strong><\/p>\n<p>Ekonomisk ber\u00e4ttelse 2018 Falu FN-f\u00f6rening<\/p>\n<p>Verksamhetsplan 2019 och budget &#8211; Falu FN<\/p>\n<p><a href=\"https:\/\/fn.se\/falun\/wp-content\/uploads\/sites\/10\/2019\/03\/Verksamhetsber\u00e4ttelse-2018-Falu-FN-f\u00f6rening.pdf\">Verksamhetsber\u00e4ttelse 2018 Falu FN-f\u00f6rening<\/a><\/p>\n<p><strong>\u00c5rsm\u00f6teshandlingar 2018<\/strong><\/p>\n<p>180218 Protokoll \u00e5rsm\u00f6te Falu FN<\/p>\n<p>Dagordning \u00e5rsm\u00f6te 2018-02-18<\/p>\n<p><a href=\"https:\/\/fn.se\/falun\/wp-content\/uploads\/sites\/10\/2018\/01\/Verksamhetsber\u00e4ttelse-Falu-FN-2017.docx\">Verksamhetsber\u00e4ttelse Falu FN 2017<\/a><\/p>\n<p>Kongressmotion Falu FN 2018<\/p>\n<p>Kongressmotion nr 2 Falu FN 2018<\/p>\n<p>Falu FN &#8211; ekonomisk ber\u00e4ttelse 2017<\/p>\n<p><strong>\u00c5rsm\u00f6teshandlingar 2017<\/strong><\/p>\n<p>Ekonomisk ber\u00e4ttelse 2016<\/p>\n<p>Budget 2017<\/p>\n<p><a href=\"https:\/\/fn.se\/falun\/wp-content\/uploads\/sites\/10\/2016\/10\/Verksamhetsber\u00e4ttelse-f\u00f6r-Falu-FN-2016.docx\">Verksamhetsber\u00e4ttelse f\u00f6r Falu FN 2016<\/a><\/p>\n<p>Verksamhetsplan Falu FN 2017<\/p>\n","protected":false},"excerpt":{"rendered":"<p>Dokument Brev, debattartiklar och rapporter fr\u00e5n Falu FN-f\u00f6rening OBS &#8211; sidan \u00e4r ej uppdaterad. Vi beh\u00f6ver hj\u00e4lp i f\u00f6reningen att&hellip;<\/p>\n","protected":false},"author":1,"featured_media":0,"parent":0,"menu_order":0,"comment_status":"closed","ping_status":"closed","template":"templates\/template-sub.php","meta":{"_acf_changed":false,"footnotes":"","_links_to":"","_links_to_target":""},"class_list":["post-87","page","type-page","status-publish","hentry"],"acf":[],"_links":{"self":[{"href":"https:\/\/fn.se\/falun\/wp-json\/wp\/v2\/pages\/87","targetHints":{"allow":["GET"]}}],"collection":[{"href":"https:\/\/fn.se\/falun\/wp-json\/wp\/v2\/pages"}],"about":[{"href":"https:\/\/fn.se\/falun\/wp-json\/wp\/v2\/types\/page"}],"author":[{"embeddable":true,"href":"https:\/\/fn.se\/falun\/wp-json\/wp\/v2\/users\/1"}],"replies":[{"embeddable":true,"href":"https:\/\/fn.se\/falun\/wp-json\/wp\/v2\/comments?post=87"}],"version-history":[{"count":41,"href":"https:\/\/fn.se\/falun\/wp-json\/wp\/v2\/pages\/87\/revisions"}],"predecessor-version":[{"id":1054,"href":"https:\/\/fn.se\/falun\/wp-json\/wp\/v2\/pages\/87\/revisions\/1054"}],"wp:attachment":[{"href":"https:\/\/fn.se\/falun\/wp-json\/wp\/v2\/media?parent=87"}],"curies":[{"name":"wp","href":"https:\/\/api.w.org\/{rel}","templated":true}]}}