{"id":82,"date":"2018-01-23T09:14:49","date_gmt":"2018-01-23T09:14:49","guid":{"rendered":"http:\/\/fn.se\/falun\/?page_id=82"},"modified":"2022-03-10T12:11:27","modified_gmt":"2022-03-10T12:11:27","slug":"verksamhet","status":"publish","type":"page","link":"https:\/\/fn.se\/falun\/verksamhet\/","title":{"rendered":"Aktiviteter"},"content":{"rendered":"<h2>Verksamhet<\/h2>\n<p>Falu FN-f\u00f6rening \u00e4r en del av den svenska FN-r\u00f6relsen och knuten till svenska FN-f\u00f6rbundet. F\u00f6reningen \u00e4r partipolitiskt och religi\u00f6st obunden. <strong>Svenska FN-f\u00f6rbundets<\/strong> m\u00e5l, vision och uppdrag formulerades p\u00e5 kongressen 2021 f\u00f6r perioden 2022 \u2013 2024:<\/p>\n<p>\u201dV\u00e5r <strong>vision<\/strong> \u00e4r en h\u00e5llbar, fredlig och r\u00e4ttvis v\u00e4rld.<\/p>\n<p>\u00a0 V\u00e5rt <strong>m\u00e5l<\/strong> \u00e4r att verka f\u00f6r ett b\u00e4ttre och starkare FN samt genomf\u00f6randet av Agenda\u00a0\u00a0\u00a0\u00a0\u00a0<\/p>\n<p>\u00a0 2030.<\/p>\n<p>\u00a0 V\u00e5rt <strong>uppdrag<\/strong> \u00e4r att i Sverige vara r\u00f6relsen f\u00f6r ett starkare och b\u00e4ttre FN samt att\u00a0\u00a0\u00a0<\/p>\n<p>\u00a0 bidra till en stark global FN-r\u00f6relse.\u201d<\/p>\n<p>Mer konkret inneb\u00e4r m\u00e5len att f\u00f6rbundet, med utg\u00e5ngspunkt i Agenda 2030, vill bidra till ett starkare och b\u00e4ttre FN samt st\u00e4rka och utveckla den svenska FN-r\u00f6relsen genom att<\/p>\n<ul>\n<li>bedriva opinionsbildning och p\u00e5verkansarbete i fr\u00e5gor som r\u00f6r m\u00e4nsklig s\u00e4kerhet (grova krigsf\u00f6rbrytelser samt k\u00e4rnvapen och andra synnerligen inhumana vapen), utveckling (klimat samt j\u00e4mlikhet) och m\u00e4nskliga r\u00e4ttigheter (antirasism, flickors och kvinnors r\u00e4ttigheter samt demokrati)<\/li>\n<li>mobilisera och engagera fler att bli medlemmar eller p\u00e5 annat s\u00e4tt bidra till v\u00e5rt arbete och till de FN-organisationer vi samarbetar med<\/li>\n<li>st\u00e4rka engagemanget p\u00e5 lokal och regional niv\u00e5 genom att etablera samarbete mellan FN-f\u00f6reningar, skolor samt kommuner och regioner som \u00e4r engagerade i Glokala Sverige<\/li>\n<li>st\u00e4rka kunskapen om FN bland unga genom att etablera samarbeten med skolor p\u00e5 alla niv\u00e5er<\/li>\n<li>anpassa FN-f\u00f6rbundets arbetsformer till de krav p\u00e5 digitalisering som st\u00e4lls av h\u00e4nsyn till h\u00e5llbar utveckling, pandemier och nya engagemangsformer<\/li>\n<li>initiera och f\u00f6ra ut en diskussion i f\u00f6rbundet om hur FN kan g\u00f6ras mer demokratiskt och effektivt.\u201d<\/li>\n<\/ul>\n<p>Falu FN-f\u00f6rening uppr\u00e4ttar \u00e5rligen en verksamhetsplan och budget f\u00f6r kommande verksamhets\u00e5r. Planen uttrycker f\u00f6reningens viljeinriktning och \u00e4r ett \u00f6vergripande styrdokument f\u00f6r f\u00f6reningens arbete. Men den \u00e4r ocks\u00e5 underlag f\u00f6r information och dialog med f\u00f6reningens medlemmar.<\/p>\n<p>Inom ramen f\u00f6r m\u00e5len finns m\u00f6jlighet att bedriva m\u00e5nga olika slags aktiviteter. Det finns utrymme f\u00f6r enskilda medlemmar att komma med initiativ utifr\u00e5n \u201dvad jag vill och kan g\u00f6ra\u201d. Begr\u00e4nsningarna ligger i vilka m\u00f6jligheter till ekonomiska medel vi har och vad medlemmar och styrelsen vill och har m\u00f6jlighet att g\u00f6ra.<\/p>\n<p>V\u00e5r verksamhetsplan f\u00f6r 2022 ligger under fliken aktuellt. D\u00e4r kan du ocks\u00e5 l\u00e4sa om de senaste aktiviteterna och verksamhetsber\u00e4ttelsen f\u00f6r 2021.<\/p>\n<p><strong>K\u00e4rnvapen:<\/strong><br \/>F\u00f6r mer info: kontakta Cecilia Bergh.<\/p>\n<p>H\u00e4r hittar du kontaktuppgifter till v\u00e5r <a href=\"https:\/\/fn.se\/falun\/styrelse\/\">styrelse<\/a>.<\/p>\n<p><strong><span style=\"text-decoration: underline\">FN-f\u00f6rbundets ABC-kurser<\/span><\/strong><br \/>Svenska FN-f\u00f6rbundet ordnar en del kurser centralt f\u00f6r alla som \u00e4r intresserad av FN-fr\u00e5gor. Mer information hittar du <a href=\"https:\/\/fn.se\/vi-gor\/vi-utbildar-och-informerar\/abc-kurser\/\">h\u00e4r<\/a>.<\/p>\n<p>Mer om vad som h\u00e4nder fram\u00f6ver p\u00e5 nationell niv\u00e5 hittar du i <a href=\"https:\/\/fn.se\/engagera-dig\/kalender\/\">Svenska FN-f\u00f6rbundets kalender<\/a>.<\/p>\n<p>H\u00e4r kan du l\u00e4sa <a href=\"https:\/\/fn.se\/falun\/protokoll\/\">protokoll<\/a> fr\u00e5n tidigare m\u00f6ten. <strong>OBS ej uppdaterad (20220310).<\/strong><\/p>\n<p>I v\u00e5rat<a href=\"https:\/\/fn.se\/falun\/arkiv\/\"> arkiv <\/a>hittar du bilder och texter fr\u00e5n tidigare verksamhet.\u00a0<strong>OBS ej uppdaterad (20220310).<\/strong><\/p>\n\n\n<p><\/p>\n","protected":false},"excerpt":{"rendered":"<p>Verksamhet Falu FN-f\u00f6rening \u00e4r en del av den svenska FN-r\u00f6relsen och knuten till svenska FN-f\u00f6rbundet. F\u00f6reningen \u00e4r partipolitiskt och religi\u00f6st&hellip;<\/p>\n","protected":false},"author":1,"featured_media":274,"parent":0,"menu_order":0,"comment_status":"closed","ping_status":"closed","template":"templates\/template-sub.php","meta":{"_acf_changed":false,"footnotes":"","_links_to":"","_links_to_target":""},"class_list":["post-82","page","type-page","status-publish","has-post-thumbnail","hentry"],"acf":[],"_links":{"self":[{"href":"https:\/\/fn.se\/falun\/wp-json\/wp\/v2\/pages\/82","targetHints":{"allow":["GET"]}}],"collection":[{"href":"https:\/\/fn.se\/falun\/wp-json\/wp\/v2\/pages"}],"about":[{"href":"https:\/\/fn.se\/falun\/wp-json\/wp\/v2\/types\/page"}],"author":[{"embeddable":true,"href":"https:\/\/fn.se\/falun\/wp-json\/wp\/v2\/users\/1"}],"replies":[{"embeddable":true,"href":"https:\/\/fn.se\/falun\/wp-json\/wp\/v2\/comments?post=82"}],"version-history":[{"count":45,"href":"https:\/\/fn.se\/falun\/wp-json\/wp\/v2\/pages\/82\/revisions"}],"predecessor-version":[{"id":1058,"href":"https:\/\/fn.se\/falun\/wp-json\/wp\/v2\/pages\/82\/revisions\/1058"}],"wp:featuredmedia":[{"embeddable":true,"href":"https:\/\/fn.se\/falun\/wp-json\/wp\/v2\/media\/274"}],"wp:attachment":[{"href":"https:\/\/fn.se\/falun\/wp-json\/wp\/v2\/media?parent=82"}],"curies":[{"name":"wp","href":"https:\/\/api.w.org\/{rel}","templated":true}]}}