{"id":1122,"date":"2025-02-03T21:19:48","date_gmt":"2025-02-03T21:19:48","guid":{"rendered":"https:\/\/fn.se\/falun\/?page_id=1122"},"modified":"2026-04-24T07:09:25","modified_gmt":"2026-04-24T07:09:25","slug":"kalender-2025","status":"publish","type":"page","link":"https:\/\/fn.se\/falun\/kalender-2025\/","title":{"rendered":"Kalender 2026"},"content":{"rendered":"\n<p>&#8221;DALAB\u00c4NKEN&#8221;<\/p>\n\n\n\n<p>Nu har serien med de \u00f6ppna samtalen med politiker p\u00e5 biblioteken i Dalarna avslutats. Alla riksdagspartier utom Sverigedemokraterna har haft representanter p\u00e5 plats i Hedemora, Mora, Leksand, Falun och Borl\u00e4nge. Dalarnas FN-distrikt har st\u00f6tt initiativtagaren Janne Dicander och Thomas Olsson att genomf\u00f6ra projektet. Det har varit en m\u00f6jlighet f\u00f6r lokala politiker att tr\u00e4ffa lokalbefolkningen f\u00f6r att diskutera aktuella sp\u00f6rsm\u00e5l inf\u00f6r valet i h\u00f6st.<\/p>\n\n\n\n<p>Nu forts\u00e4tter Falu FN-f\u00f6rening, R\u00e4ttighetcentrum, Stadsbiblioteket och NBV att skapa m\u00f6jlighet f\u00f6r m\u00f6ten och samtal genom v\u00e5ra<\/p>\n\n\n\n<p><strong>FREDSCAF\u00c9ER<\/strong><\/p>\n\n\n\n<p><strong>P\u00e5 onsdag den 6 maj kl. 16-17:30 inbjuder vi ALLA till fredliga samtal om framtiden p\u00e5 CAF\u00c9 REKOMMENDERAS <\/strong>( i anslutning till biblioteket)<\/p>\n\n\n\n<p>Vi har haft s\u00e5dana tr\u00e4ffar tv\u00e5 g\u00e5nger tidigare under \u00e5ret och eftersom de varit v\u00e4ldigt uppskattade t\u00e4nker vi forts\u00e4tta till h\u00f6sten, \u00e5terkommer med tid och plats!<\/p>\n\n\n\n<p><\/p>\n\n\n\n<p><\/p>\n","protected":false},"excerpt":{"rendered":"<p>&#8221;DALAB\u00c4NKEN&#8221; Nu har serien med de \u00f6ppna samtalen med politiker p\u00e5 biblioteken i Dalarna avslutats. Alla riksdagspartier utom Sverigedemokraterna har&hellip;<\/p>\n","protected":false},"author":31,"featured_media":0,"parent":0,"menu_order":0,"comment_status":"closed","ping_status":"closed","template":"","meta":{"_acf_changed":false,"footnotes":"","_links_to":"","_links_to_target":""},"class_list":["post-1122","page","type-page","status-publish","hentry"],"acf":[],"_links":{"self":[{"href":"https:\/\/fn.se\/falun\/wp-json\/wp\/v2\/pages\/1122","targetHints":{"allow":["GET"]}}],"collection":[{"href":"https:\/\/fn.se\/falun\/wp-json\/wp\/v2\/pages"}],"about":[{"href":"https:\/\/fn.se\/falun\/wp-json\/wp\/v2\/types\/page"}],"author":[{"embeddable":true,"href":"https:\/\/fn.se\/falun\/wp-json\/wp\/v2\/users\/31"}],"replies":[{"embeddable":true,"href":"https:\/\/fn.se\/falun\/wp-json\/wp\/v2\/comments?post=1122"}],"version-history":[{"count":2,"href":"https:\/\/fn.se\/falun\/wp-json\/wp\/v2\/pages\/1122\/revisions"}],"predecessor-version":[{"id":1133,"href":"https:\/\/fn.se\/falun\/wp-json\/wp\/v2\/pages\/1122\/revisions\/1133"}],"wp:attachment":[{"href":"https:\/\/fn.se\/falun\/wp-json\/wp\/v2\/media?parent=1122"}],"curies":[{"name":"wp","href":"https:\/\/api.w.org\/{rel}","templated":true}]}}