{"id":1039,"date":"2022-03-10T11:41:51","date_gmt":"2022-03-10T11:41:51","guid":{"rendered":"https:\/\/fn.se\/falun\/?page_id=1039"},"modified":"2022-03-10T14:40:35","modified_gmt":"2022-03-10T14:40:35","slug":"karnvapen","status":"publish","type":"page","link":"https:\/\/fn.se\/falun\/karnvapen\/","title":{"rendered":"K\u00e4rnvapen"},"content":{"rendered":"\n<p>Falu FN-f\u00f6rening har gjort en sk\u00e4rmutst\u00e4llning om K\u00e4rnvapen. Den \u00e4r t\u00e4nkt att \u00f6ka kunskapen om det farligaste vapnet som finns. Man f\u00e5r g\u00e4rna l\u00e5na utst\u00e4llningen f\u00f6r att visa den p\u00e5 exempelvis skolor eller bibliotek. Den fungerar ocks\u00e5 bra om man vill l\u00e4ra mer om k\u00e4rnvapen via sin dator.<\/p>\n\n\n\n<p><a href=\"https:\/\/fn.se\/falun\/wp-content\/uploads\/sites\/10\/2022\/03\/210307_En-ka\u0308rnvapenfri-va\u0308rld.pdf\">H\u00e4r <\/a>kan man titta p\u00e5 de \u00e5tta sk\u00e4rmarna som k\u00e4rnvapenutst\u00e4llningen i huvudsak best\u00e5r av. <\/p>\n\n\n\n<p><a href=\"https:\/\/fn.se\/falun\/wp-content\/uploads\/sites\/10\/2022\/03\/Instruktion-till-utst-En-ka\u0308rnvapenfri-va\u0308rld-21030757379.pdf\">H\u00e4r<\/a> finns en beskrivning av utst\u00e4llningens olika delar och lite information om du\/ni vill l\u00e5na eller anv\u00e4nda den. <\/p>\n\n\n\n<p><a href=\"https:\/\/fn.se\/falun\/wp-content\/uploads\/sites\/10\/2022\/03\/broschyr-7-mars-2021.pdf\">H\u00e4r <\/a>finns ett flygblad som sammanfattar det viktigaste ur utst\u00e4llningen &#8211; att kunna ta med hem och l\u00e4sa!<\/p>\n\n\n\n<p><a href=\"https:\/\/fn.se\/falun\/wp-content\/uploads\/sites\/10\/2020\/12\/200223mer-om-incidenterna-3.pdf\">H\u00e4r <\/a>finns en text om k\u00e4rnvapenincidenter som komplement till utst\u00e4llningen.<\/p>\n","protected":false},"excerpt":{"rendered":"<p>Falu FN-f\u00f6rening har gjort en sk\u00e4rmutst\u00e4llning om K\u00e4rnvapen. Den \u00e4r t\u00e4nkt att \u00f6ka kunskapen om det farligaste vapnet som finns.&hellip;<\/p>\n","protected":false},"author":31,"featured_media":0,"parent":0,"menu_order":0,"comment_status":"closed","ping_status":"closed","template":"","meta":{"_acf_changed":false,"footnotes":"","_links_to":"","_links_to_target":""},"class_list":["post-1039","page","type-page","status-publish","hentry"],"acf":[],"_links":{"self":[{"href":"https:\/\/fn.se\/falun\/wp-json\/wp\/v2\/pages\/1039","targetHints":{"allow":["GET"]}}],"collection":[{"href":"https:\/\/fn.se\/falun\/wp-json\/wp\/v2\/pages"}],"about":[{"href":"https:\/\/fn.se\/falun\/wp-json\/wp\/v2\/types\/page"}],"author":[{"embeddable":true,"href":"https:\/\/fn.se\/falun\/wp-json\/wp\/v2\/users\/31"}],"replies":[{"embeddable":true,"href":"https:\/\/fn.se\/falun\/wp-json\/wp\/v2\/comments?post=1039"}],"version-history":[{"count":10,"href":"https:\/\/fn.se\/falun\/wp-json\/wp\/v2\/pages\/1039\/revisions"}],"predecessor-version":[{"id":1076,"href":"https:\/\/fn.se\/falun\/wp-json\/wp\/v2\/pages\/1039\/revisions\/1076"}],"wp:attachment":[{"href":"https:\/\/fn.se\/falun\/wp-json\/wp\/v2\/media?parent=1039"}],"curies":[{"name":"wp","href":"https:\/\/api.w.org\/{rel}","templated":true}]}}