{"id":48,"date":"2017-03-13T22:36:17","date_gmt":"2017-03-13T22:36:17","guid":{"rendered":"http:\/\/fn.se\/eskilstuna\/?page_id=48"},"modified":"2025-09-05T08:49:04","modified_gmt":"2025-09-05T08:49:04","slug":"styrelsen","status":"publish","type":"page","link":"https:\/\/fn.se\/eskilstuna\/om-oss\/styrelsen\/","title":{"rendered":"Styrelsen"},"content":{"rendered":"<p><strong>STYRELSEN<\/strong><\/p>\n<p><strong>Ingrid Escobar<br \/>\n<\/strong>Ordf\u00f6rande<br \/>\nTelefon: 070-043 65 37<br \/>\nE-post: ialse@hotmail.com<\/p>\n<p><strong>Bam Bj\u00f6rling<\/strong><br \/>\nVice ordf\u00f6rande<br \/>\nE-post: bam.bjorling@gmail.com<\/p>\n","protected":false},"excerpt":{"rendered":"<p>STYRELSEN Ingrid Escobar Ordf\u00f6rande Telefon: 070-043 65 37 E-post: ialse@hotmail.com Bam Bj\u00f6rling Vice ordf\u00f6rande E-post: bam.bjorling@gmail.com<\/p>\n","protected":false},"author":29,"featured_media":0,"parent":50,"menu_order":0,"comment_status":"closed","ping_status":"closed","template":"templates\/template-sub.php","meta":{"_acf_changed":false,"footnotes":"","_links_to":"","_links_to_target":""},"class_list":["post-48","page","type-page","status-publish","hentry"],"acf":[],"_links":{"self":[{"href":"https:\/\/fn.se\/eskilstuna\/wp-json\/wp\/v2\/pages\/48","targetHints":{"allow":["GET"]}}],"collection":[{"href":"https:\/\/fn.se\/eskilstuna\/wp-json\/wp\/v2\/pages"}],"about":[{"href":"https:\/\/fn.se\/eskilstuna\/wp-json\/wp\/v2\/types\/page"}],"author":[{"embeddable":true,"href":"https:\/\/fn.se\/eskilstuna\/wp-json\/wp\/v2\/users\/29"}],"replies":[{"embeddable":true,"href":"https:\/\/fn.se\/eskilstuna\/wp-json\/wp\/v2\/comments?post=48"}],"version-history":[{"count":13,"href":"https:\/\/fn.se\/eskilstuna\/wp-json\/wp\/v2\/pages\/48\/revisions"}],"predecessor-version":[{"id":179,"href":"https:\/\/fn.se\/eskilstuna\/wp-json\/wp\/v2\/pages\/48\/revisions\/179"}],"up":[{"embeddable":true,"href":"https:\/\/fn.se\/eskilstuna\/wp-json\/wp\/v2\/pages\/50"}],"wp:attachment":[{"href":"https:\/\/fn.se\/eskilstuna\/wp-json\/wp\/v2\/media?parent=48"}],"curies":[{"name":"wp","href":"https:\/\/api.w.org\/{rel}","templated":true}]}}