{"id":26,"date":"2017-02-03T12:44:32","date_gmt":"2017-02-03T12:44:32","guid":{"rendered":"http:\/\/fn.se\/eskilstuna\/?page_id=26"},"modified":"2025-09-05T08:52:41","modified_gmt":"2025-09-05T08:52:41","slug":"var_kalender","status":"publish","type":"page","link":"https:\/\/fn.se\/eskilstuna\/var_kalender\/","title":{"rendered":"V\u00e5r kalender"},"content":{"rendered":"\n\n\n<p>F\u00f6r aktuella h\u00e4ndelser i Eskilstuna FN-f\u00f6rening h\u00e4nvisar vi till v\u00e5r <a href=\"https:\/\/www.facebook.com\/fnieskilstuna\/\">Facebook<a href=\"https:\/\/www.facebook.com\/fnieskilstuna\/\">sida<\/a><\/a>.<\/p>\n","protected":false},"excerpt":{"rendered":"<p>F\u00f6r aktuella h\u00e4ndelser i Eskilstuna FN-f\u00f6rening h\u00e4nvisar vi till v\u00e5r Facebooksida.<\/p>\n","protected":false},"author":29,"featured_media":0,"parent":0,"menu_order":0,"comment_status":"closed","ping_status":"closed","template":"templates\/template-sub.php","meta":{"_acf_changed":false,"footnotes":"","_links_to":"","_links_to_target":""},"class_list":["post-26","page","type-page","status-publish","hentry"],"acf":[],"_links":{"self":[{"href":"https:\/\/fn.se\/eskilstuna\/wp-json\/wp\/v2\/pages\/26","targetHints":{"allow":["GET"]}}],"collection":[{"href":"https:\/\/fn.se\/eskilstuna\/wp-json\/wp\/v2\/pages"}],"about":[{"href":"https:\/\/fn.se\/eskilstuna\/wp-json\/wp\/v2\/types\/page"}],"author":[{"embeddable":true,"href":"https:\/\/fn.se\/eskilstuna\/wp-json\/wp\/v2\/users\/29"}],"replies":[{"embeddable":true,"href":"https:\/\/fn.se\/eskilstuna\/wp-json\/wp\/v2\/comments?post=26"}],"version-history":[{"count":9,"href":"https:\/\/fn.se\/eskilstuna\/wp-json\/wp\/v2\/pages\/26\/revisions"}],"predecessor-version":[{"id":182,"href":"https:\/\/fn.se\/eskilstuna\/wp-json\/wp\/v2\/pages\/26\/revisions\/182"}],"wp:attachment":[{"href":"https:\/\/fn.se\/eskilstuna\/wp-json\/wp\/v2\/media?parent=26"}],"curies":[{"name":"wp","href":"https:\/\/api.w.org\/{rel}","templated":true}]}}