{"id":2,"date":"2016-02-17T11:49:19","date_gmt":"2016-02-17T11:49:19","guid":{"rendered":"http:\/\/fn.se\/eskilstuna\/?page_id=2"},"modified":"2018-02-12T12:12:05","modified_gmt":"2018-02-12T12:12:05","slug":"sample-page","status":"publish","type":"page","link":"https:\/\/fn.se\/eskilstuna\/","title":{"rendered":"Hem"},"content":{"rendered":"<h1>V\u00e4lkommen till Eskilstuna FN-f\u00f6rening!<\/h1>\n<h1><img loading=\"lazy\" decoding=\"async\" class=\"size-full wp-image-13 alignright\" src=\"https:\/\/fn.se\/eskilstuna\/wp-content\/uploads\/sites\/7\/2016\/02\/SFN_F\u00d6RENING_Eskilstuna9.jpg\" alt=\"sfn_logopayoff_pos_right\" width=\"117\" height=\"291\" \/><\/h1>\n<p>Eskilstuna FN-f\u00f6rening \u00e4r en del av svenska FN-r\u00f6relsen och \u00e4r knuten till Svenska FN-f\u00f6rbundet. F\u00f6reningen \u00e4r partipolitiskt och religi\u00f6st obunden.<\/p>\n<p>V\u00e5r vision \u00e4r en b\u00e4ttre v\u00e4rld d\u00e4r de m\u00e4nskliga r\u00e4ttigheterna respekteras, d\u00e4r det r\u00e5der ekonomisk och social r\u00e4ttvisa och d\u00e4r utvecklingen \u00e4r h\u00e5llbar.<\/p>\n<p>V\u00e5rt uppdrag \u00e4r att motverka alla former av diskriminering, or\u00e4ttvisor, f\u00f6rtryck och terror. Hos oss f\u00e5r du m\u00f6jlighet att tr\u00e4ffa m\u00e4nniskor som f\u00f6renas av denna vision och uppdrag och som vill k\u00e4mpa f\u00f6r en b\u00e4ttre v\u00e4rld f\u00f6r alla m\u00e4nniskor oberoende av k\u00f6n, k\u00f6nsidentitet eller k\u00f6nsuttryck, etnisk tillh\u00f6righet, religion eller annan trosuppfattning, funktionsneds\u00e4ttning, sexuell l\u00e4ggning eller \u00e5lder.<\/p>\n<p>Bes\u00f6k v\u00e5r <a href=\"https:\/\/www.facebook.com\/fnieskilstuna\/\" target=\"_blank\" rel=\"noopener noreferrer\">Facebook-sida<\/a>\u00a0eller h\u00e5ll utkik under fliken V\u00e5r kalender f\u00f6r att f\u00e5 mer information om vad som \u00e4r p\u00e5 g\u00e5ng inom f\u00f6reningen.<\/p>\n<p><a href=\"https:\/\/betalning.fn.se\/pfs\/memberregistration\/\" target=\"_blank\" rel=\"noopener noreferrer\">V\u00e4lkommen som medlem i v\u00e5r f\u00f6rening!<\/a><a href=\"mailto:fnieskilstuna@outlook.com\"><br \/>\n<\/a><\/p>\n","protected":false},"excerpt":{"rendered":"<p>V\u00e4lkommen till Eskilstuna FN-f\u00f6rening! Eskilstuna FN-f\u00f6rening \u00e4r en del av svenska FN-r\u00f6relsen och \u00e4r knuten till Svenska FN-f\u00f6rbundet. F\u00f6reningen \u00e4r&hellip;<\/p>\n","protected":false},"author":1,"featured_media":11,"parent":0,"menu_order":0,"comment_status":"closed","ping_status":"open","template":"templates\/template-sub.php","meta":{"_acf_changed":false,"footnotes":"","_links_to":"","_links_to_target":""},"class_list":["post-2","page","type-page","status-publish","has-post-thumbnail","hentry"],"acf":[],"_links":{"self":[{"href":"https:\/\/fn.se\/eskilstuna\/wp-json\/wp\/v2\/pages\/2","targetHints":{"allow":["GET"]}}],"collection":[{"href":"https:\/\/fn.se\/eskilstuna\/wp-json\/wp\/v2\/pages"}],"about":[{"href":"https:\/\/fn.se\/eskilstuna\/wp-json\/wp\/v2\/types\/page"}],"author":[{"embeddable":true,"href":"https:\/\/fn.se\/eskilstuna\/wp-json\/wp\/v2\/users\/1"}],"replies":[{"embeddable":true,"href":"https:\/\/fn.se\/eskilstuna\/wp-json\/wp\/v2\/comments?post=2"}],"version-history":[{"count":13,"href":"https:\/\/fn.se\/eskilstuna\/wp-json\/wp\/v2\/pages\/2\/revisions"}],"predecessor-version":[{"id":177,"href":"https:\/\/fn.se\/eskilstuna\/wp-json\/wp\/v2\/pages\/2\/revisions\/177"}],"wp:featuredmedia":[{"embeddable":true,"href":"https:\/\/fn.se\/eskilstuna\/wp-json\/wp\/v2\/media\/11"}],"wp:attachment":[{"href":"https:\/\/fn.se\/eskilstuna\/wp-json\/wp\/v2\/media?parent=2"}],"curies":[{"name":"wp","href":"https:\/\/api.w.org\/{rel}","templated":true}]}}