{"id":2,"date":"2016-08-11T11:19:16","date_gmt":"2016-08-11T11:19:16","guid":{"rendered":"http:\/\/fn.se\/dalarnas-fn-distrikt\/?page_id=2"},"modified":"2019-06-24T08:45:17","modified_gmt":"2019-06-24T08:45:17","slug":"sample-page","status":"publish","type":"page","link":"https:\/\/fn.se\/dalarnas-fn-distrikt\/","title":{"rendered":"Hem"},"content":{"rendered":"<h1>V\u00e4lkommen till Dalarnas FN-distrikt!<img loading=\"lazy\" decoding=\"async\" class=\"size-full wp-image-11 alignright\" src=\"https:\/\/fn.se\/dalarnas-fn-distrikt\/wp-content\/uploads\/sites\/106\/2016\/08\/SFN_DISTRIKT_Dalarnast.jpg\" alt=\"sfn_logopayoff_pos_right\" width=\"117\" height=\"291\" \/><\/h1>\n<p>Vi arbetar regionalt med samma m\u00e5l som FN-f\u00f6rbundet, det vill s\u00e4ga st\u00f6der medlemmarna i deras upplysningsarbete och opinionsbildning i internationella fr\u00e5gor, hj\u00e4lper till med informationsmaterial och anordnar kurser och konferenser.<\/p>\n<h4>I v\u00e5rt distrikt ing\u00e5r:<\/h4>\n<p><a title=\"Borl\u00e4nge FN-f\u00f6rening\" href=\"https:\/\/fn.se\/borlange\/\" target=\"_blank\" rel=\"noopener\">Borl\u00e4nge FN-f\u00f6rening<br \/>\n<\/a><a title=\"Falu FN-f\u00f6rening\" href=\"http:\/\/www.fn.se\/falun\" target=\"_blank\" rel=\"noopener\">Falu FN-f\u00f6rening<br \/>\n<\/a><a title=\"Nedansiljans FN-f\u00f6rening\" href=\"http:\/\/www.fn.se\/\/nedansiljan\" target=\"_blank\" rel=\"noopener\">Nedansiljans FN-f\u00f6rening<br \/>\n<\/a><a title=\"Ovansiljans FN-f\u00f6rening\" href=\"http:\/\/www.fn.se\/ovansiljan\" target=\"_blank\" rel=\"noopener\">Ovansiljans FN-f\u00f6rening<\/a> (tillf\u00e4lligt vilande)<br \/>\n<a title=\"S\u00f6dra Dalarnas FN-f\u00f6rening\" href=\"http:\/\/www.fn.se\/sodradalarna\" target=\"_blank\" rel=\"noopener\">S\u00f6dra Dalarnas FN-f\u00f6rening<br \/>\n<\/a><a title=\"V\u00e4sterbergslagens FN-f\u00f6rening\" href=\"http:\/\/www.fn.se\/vasterbergslagen\" target=\"_blank\" rel=\"noopener\">V\u00e4sterbergslagens FN-f\u00f6rening<br \/>\n<\/a><a href=\"http:\/\/www.fn.se\/vasterdalarna\" target=\"_blank\" rel=\"noopener\">V\u00e4sterdalarnas FN-f\u00f6rening<\/a><\/p>\n<h4>Kontakt<\/h4>\n<p>Helge Sonntag<\/p>\n<p>mobil: 072 368 32 12<\/p>\n<p>E-post: <a href=\"mailto:helge@sonntag.se\">helge@sonntag.se<\/a><\/p>\n","protected":false},"excerpt":{"rendered":"<p>V\u00e4lkommen till Dalarnas FN-distrikt! Vi arbetar regionalt med samma m\u00e5l som FN-f\u00f6rbundet, det vill s\u00e4ga st\u00f6der medlemmarna i deras upplysningsarbete&hellip;<\/p>\n","protected":false},"author":16,"featured_media":5,"parent":0,"menu_order":0,"comment_status":"closed","ping_status":"open","template":"templates\/template-sub.php","meta":{"_acf_changed":false,"footnotes":"","_links_to":"","_links_to_target":""},"class_list":["post-2","page","type-page","status-publish","has-post-thumbnail","hentry"],"acf":[],"_links":{"self":[{"href":"https:\/\/fn.se\/dalarnas-fn-distrikt\/wp-json\/wp\/v2\/pages\/2","targetHints":{"allow":["GET"]}}],"collection":[{"href":"https:\/\/fn.se\/dalarnas-fn-distrikt\/wp-json\/wp\/v2\/pages"}],"about":[{"href":"https:\/\/fn.se\/dalarnas-fn-distrikt\/wp-json\/wp\/v2\/types\/page"}],"author":[{"embeddable":true,"href":"https:\/\/fn.se\/dalarnas-fn-distrikt\/wp-json\/wp\/v2\/users\/16"}],"replies":[{"embeddable":true,"href":"https:\/\/fn.se\/dalarnas-fn-distrikt\/wp-json\/wp\/v2\/comments?post=2"}],"version-history":[{"count":9,"href":"https:\/\/fn.se\/dalarnas-fn-distrikt\/wp-json\/wp\/v2\/pages\/2\/revisions"}],"predecessor-version":[{"id":21,"href":"https:\/\/fn.se\/dalarnas-fn-distrikt\/wp-json\/wp\/v2\/pages\/2\/revisions\/21"}],"wp:featuredmedia":[{"embeddable":true,"href":"https:\/\/fn.se\/dalarnas-fn-distrikt\/wp-json\/wp\/v2\/media\/5"}],"wp:attachment":[{"href":"https:\/\/fn.se\/dalarnas-fn-distrikt\/wp-json\/wp\/v2\/media?parent=2"}],"curies":[{"name":"wp","href":"https:\/\/api.w.org\/{rel}","templated":true}]}}